{"id":1491,"date":"2023-10-30T10:44:19","date_gmt":"2023-10-30T09:44:19","guid":{"rendered":"https:\/\/villacostacalida.nl\/contact\/"},"modified":"2026-03-07T10:37:42","modified_gmt":"2026-03-07T09:37:42","slug":"contact","status":"publish","type":"page","link":"https:\/\/villacostacalida.nl\/de\/contact\/","title":{"rendered":"Kontakt"},"content":{"rendered":"\t\t<div data-elementor-type=\"wp-page\" data-elementor-id=\"1491\" class=\"elementor elementor-1491 elementor-42\" data-elementor-post-type=\"page\">\n\t\t\t\t<div class=\"elementor-element elementor-element-372e1715 e-flex e-con-boxed e-con e-parent\" data-id=\"372e1715\" data-element_type=\"container\" data-settings=\"{&quot;background_background&quot;:&quot;classic&quot;}\">\n\t\t\t\t\t<div class=\"e-con-inner\">\n\t\t\t\t<div class=\"elementor-element elementor-element-3d9fb3a5 elementor-widget elementor-widget-heading\" data-id=\"3d9fb3a5\" data-element_type=\"widget\" data-widget_type=\"heading.default\">\n\t\t\t\t<div class=\"elementor-widget-container\">\n\t\t\t\t\t<h2 class=\"elementor-heading-title elementor-size-default\">Kontakt<\/h2>\t\t\t\t<\/div>\n\t\t\t\t<\/div>\n\t\t\t\t\t<\/div>\n\t\t\t\t<\/div>\n\t\t<div class=\"elementor-element elementor-element-3b1621c0 e-flex e-con-boxed e-con e-parent\" data-id=\"3b1621c0\" data-element_type=\"container\">\n\t\t\t\t\t<div class=\"e-con-inner\">\n\t\t\t\t<div class=\"elementor-element elementor-element-253e2240 elementor-widget elementor-widget-heading\" data-id=\"253e2240\" data-element_type=\"widget\" data-widget_type=\"heading.default\">\n\t\t\t\t<div class=\"elementor-widget-container\">\n\t\t\t\t\t<h1 class=\"elementor-heading-title elementor-size-default\">Womit k\u00f6nnen wir dir helfen?<\/h1>\t\t\t\t<\/div>\n\t\t\t\t<\/div>\n\t\t\t\t<div class=\"elementor-element elementor-element-b406edc elementor-widget elementor-widget-text-editor\" data-id=\"b406edc\" data-element_type=\"widget\" data-widget_type=\"text-editor.default\">\n\t\t\t\t<div class=\"elementor-widget-container\">\n\t\t\t\t\t\t\t\t\t<p>Hast du einen Tipp, eine Frage oder m\u00f6chtest du buchen? Wir helfen dir gerne. Schicke eine E-Mail, WhatsApp-Nachricht oder f\u00fclle das Kontaktformular aus. Bis bald!<\/p>\t\t\t\t\t\t\t\t<\/div>\n\t\t\t\t<\/div>\n\t\t\t\t<div class=\"elementor-element elementor-element-79506054 elementor-button-align-center elementor-widget elementor-widget-form\" data-id=\"79506054\" data-element_type=\"widget\" data-settings=\"{&quot;step_next_label&quot;:&quot;Weiter&quot;,&quot;step_previous_label&quot;:&quot;Zur\\u00fcck&quot;,&quot;button_width&quot;:&quot;100&quot;,&quot;step_type&quot;:&quot;number_text&quot;,&quot;step_icon_shape&quot;:&quot;circle&quot;}\" data-widget_type=\"form.default\">\n\t\t\t\t<div class=\"elementor-widget-container\">\n\t\t\t\t\t\t\t<form class=\"elementor-form\" method=\"post\" name=\"Kontakt-Formular\" aria-label=\"Kontakt-Formular\">\n\t\t\t<input type=\"hidden\" name=\"post_id\" value=\"1491\"\/>\n\t\t\t<input type=\"hidden\" name=\"form_id\" value=\"79506054\"\/>\n\t\t\t<input type=\"hidden\" name=\"referer_title\" value=\"Kontakt - Villa Costa Calida\" \/>\n\n\t\t\t\t\t\t\t<input type=\"hidden\" name=\"queried_id\" value=\"1491\"\/>\n\t\t\t\n\t\t\t<div class=\"elementor-form-fields-wrapper elementor-labels-\">\n\t\t\t\t\t\t\t\t<div class=\"elementor-field-type-text elementor-field-group elementor-column elementor-field-group-name elementor-col-50 elementor-field-required\">\n\t\t\t\t\t\t\t\t\t\t\t\t<label for=\"form-field-name\" class=\"elementor-field-label elementor-screen-only\">\n\t\t\t\t\t\t\t\tVorname\t\t\t\t\t\t\t<\/label>\n\t\t\t\t\t\t\t\t\t\t\t\t\t\t<input size=\"1\" type=\"text\" name=\"form_fields[name]\" id=\"form-field-name\" class=\"elementor-field elementor-size-sm  elementor-field-textual\" placeholder=\"Vorname\" required=\"required\">\n\t\t\t\t\t\t\t\t\t\t\t<\/div>\n\t\t\t\t\t\t\t\t<div class=\"elementor-field-type-text elementor-field-group elementor-column elementor-field-group-email elementor-col-50 elementor-field-required\">\n\t\t\t\t\t\t\t\t\t\t\t\t<label for=\"form-field-email\" class=\"elementor-field-label elementor-screen-only\">\n\t\t\t\t\t\t\t\tNachname\t\t\t\t\t\t\t<\/label>\n\t\t\t\t\t\t\t\t\t\t\t\t\t\t<input size=\"1\" type=\"text\" name=\"form_fields[email]\" id=\"form-field-email\" class=\"elementor-field elementor-size-sm  elementor-field-textual\" placeholder=\"Nachname\" required=\"required\">\n\t\t\t\t\t\t\t\t\t\t\t<\/div>\n\t\t\t\t\t\t\t\t<div class=\"elementor-field-type-email elementor-field-group elementor-column elementor-field-group-field_6c180a9 elementor-col-100 elementor-field-required\">\n\t\t\t\t\t\t\t\t\t\t\t\t<label for=\"form-field-field_6c180a9\" class=\"elementor-field-label elementor-screen-only\">\n\t\t\t\t\t\t\t\tE-Mail Adresse\t\t\t\t\t\t\t<\/label>\n\t\t\t\t\t\t\t\t\t\t\t\t\t\t<input size=\"1\" type=\"email\" name=\"form_fields[field_6c180a9]\" id=\"form-field-field_6c180a9\" class=\"elementor-field elementor-size-sm  elementor-field-textual\" placeholder=\"E-Mail Adresse\" required=\"required\">\n\t\t\t\t\t\t\t\t\t\t\t<\/div>\n\t\t\t\t\t\t\t\t<div class=\"elementor-field-type-textarea elementor-field-group elementor-column elementor-field-group-message elementor-col-100 elementor-field-required\">\n\t\t\t\t\t\t\t\t\t\t\t\t<label for=\"form-field-message\" class=\"elementor-field-label elementor-screen-only\">\n\t\t\t\t\t\t\t\tNachricht\t\t\t\t\t\t\t<\/label>\n\t\t\t\t\t\t<textarea class=\"elementor-field-textual elementor-field  elementor-size-sm\" name=\"form_fields[message]\" id=\"form-field-message\" rows=\"4\" placeholder=\"Gib eine Nachricht ein...\" required=\"required\"><\/textarea>\t\t\t\t<\/div>\n\t\t\t\t\t\t\t\t<div class=\"elementor-field-group elementor-column elementor-field-type-submit elementor-col-100 e-form__buttons\">\n\t\t\t\t\t<button class=\"elementor-button elementor-size-sm\" type=\"submit\">\n\t\t\t\t\t\t<span class=\"elementor-button-content-wrapper\">\n\t\t\t\t\t\t\t\t\t\t\t\t\t\t\t\t\t\t\t\t\t\t<span class=\"elementor-button-text\">Versand<\/span>\n\t\t\t\t\t\t\t\t\t\t\t\t\t<\/span>\n\t\t\t\t\t<\/button>\n\t\t\t\t<\/div>\n\t\t\t<\/div>\n\t\t<\/form>\n\t\t\t\t\t\t<\/div>\n\t\t\t\t<\/div>\n\t\t\t\t\t<\/div>\n\t\t\t\t<\/div>\n\t\t<div class=\"elementor-element elementor-element-2581bf8 e-flex e-con-boxed e-con e-parent\" data-id=\"2581bf8\" data-element_type=\"container\">\n\t\t\t\t\t<div class=\"e-con-inner\">\n\t\t<div class=\"elementor-element elementor-element-0e6235b e-con-full e-flex e-con e-child\" data-id=\"0e6235b\" data-element_type=\"container\">\n\t\t<div class=\"elementor-element elementor-element-02b21e1 e-flex e-con-boxed e-con e-child\" data-id=\"02b21e1\" data-element_type=\"container\">\n\t\t\t\t\t<div class=\"e-con-inner\">\n\t\t\t\t<div class=\"elementor-element elementor-element-cf068e4 elementor-widget elementor-widget-image\" data-id=\"cf068e4\" data-element_type=\"widget\" data-widget_type=\"image.default\">\n\t\t\t\t<div class=\"elementor-widget-container\">\n\t\t\t\t\t\t\t\t\t\t\t\t\t\t\t<img decoding=\"async\" width=\"215\" height=\"196\" src=\"https:\/\/villacostacalida.nl\/wp-content\/uploads\/2023\/10\/Adres.png\" class=\"attachment-large size-large wp-image-1211\" alt=\"\" \/>\t\t\t\t\t\t\t\t\t\t\t\t\t\t\t<\/div>\n\t\t\t\t<\/div>\n\t\t\t\t\t<\/div>\n\t\t\t\t<\/div>\n\t\t\t\t<div class=\"elementor-element elementor-element-8cceff7 elementor-widget elementor-widget-text-editor\" data-id=\"8cceff7\" data-element_type=\"widget\" data-widget_type=\"text-editor.default\">\n\t\t\t\t<div class=\"elementor-widget-container\">\n\t\t\t\t\t\t\t\t\t<p><strong>Adresse<\/strong><\/p>\t\t\t\t\t\t\t\t<\/div>\n\t\t\t\t<\/div>\n\t\t\t\t<div class=\"elementor-element elementor-element-ee96881 elementor-widget elementor-widget-text-editor\" data-id=\"ee96881\" data-element_type=\"widget\" data-widget_type=\"text-editor.default\">\n\t\t\t\t<div class=\"elementor-widget-container\">\n\t\t\t\t\t\t\t\t\t<p><br><br><br>Villa Costa Calida Calle Isla de Coco 2 30720 Santiago de la Ribera Murcia<\/p><p>Vermietungslizenz:<\/p><p class=\"p1\">ESFCTU000030032000815286<br>0000000000000000VV.MU.5003-18<\/p>\t\t\t\t\t\t\t\t<\/div>\n\t\t\t\t<\/div>\n\t\t\t\t<\/div>\n\t\t<div class=\"elementor-element elementor-element-000e0e5 e-con-full e-flex e-con e-child\" data-id=\"000e0e5\" data-element_type=\"container\">\n\t\t\t\t<div class=\"elementor-element elementor-element-a4fdd07 elementor-widget elementor-widget-image\" data-id=\"a4fdd07\" data-element_type=\"widget\" data-widget_type=\"image.default\">\n\t\t\t\t<div class=\"elementor-widget-container\">\n\t\t\t\t\t\t\t\t\t\t\t\t\t\t\t<img decoding=\"async\" width=\"215\" height=\"196\" src=\"https:\/\/villacostacalida.nl\/wp-content\/uploads\/2023\/10\/Contact.png\" class=\"attachment-large size-large wp-image-1215\" alt=\"\" \/>\t\t\t\t\t\t\t\t\t\t\t\t\t\t\t<\/div>\n\t\t\t\t<\/div>\n\t\t\t\t<div class=\"elementor-element elementor-element-59d169b elementor-widget elementor-widget-text-editor\" data-id=\"59d169b\" data-element_type=\"widget\" data-widget_type=\"text-editor.default\">\n\t\t\t\t<div class=\"elementor-widget-container\">\n\t\t\t\t\t\t\t\t\t<p><strong>Kontakt<\/strong><\/p>\t\t\t\t\t\t\t\t<\/div>\n\t\t\t\t<\/div>\n\t\t\t\t<div class=\"elementor-element elementor-element-5835fbf elementor-widget elementor-widget-text-editor\" data-id=\"5835fbf\" data-element_type=\"widget\" data-widget_type=\"text-editor.default\">\n\t\t\t\t<div class=\"elementor-widget-container\">\n\t\t\t\t\t\t\t\t\t<p><br><br><br>E <a href=\"mailto:info@villacostacalida.nl\">info@villacostacalida.nl<\/a> T<a href=\"tel:0031%206%2051%2060%2025%2089\">+31 6 51 60 25 89<\/a><a href=\"https:\/\/wa.me\/send?phone=31651602589&amp;text=Hola,%20ik%20heb%20een%20vraag\">WhatsApp<\/a><\/p>\t\t\t\t\t\t\t\t<\/div>\n\t\t\t\t<\/div>\n\t\t\t\t<\/div>\n\t\t\t\t\t<\/div>\n\t\t\t\t<\/div>\n\t\t\t\t<\/div>\n\t\t","protected":false},"excerpt":{"rendered":"<p>Kontakt Womit k\u00f6nnen wir dir helfen? Hast du einen Tipp, eine Frage oder m\u00f6chtest du buchen? Wir helfen dir gerne. Schicke eine E-Mail, WhatsApp-Nachricht oder f\u00fclle das Kontaktformular aus. Bis bald! Adresse Villa Costa Calida Calle Isla de Coco 2 30720 Santiago de la Ribera Murcia Vermietungslizenz: ESFCTU0000300320008152860000000000000000VV.MU.5003-18 Kontakt E info@villacostacalida.nl T+31 6 51 60 [&hellip;]<\/p>\n","protected":false},"author":1,"featured_media":0,"parent":0,"menu_order":6,"comment_status":"closed","ping_status":"closed","template":"elementor_header_footer","meta":{"inline_featured_image":false,"footnotes":""},"class_list":["post-1491","page","type-page","status-publish","hentry"],"yoast_head":"<!-- This site is optimized with the Yoast SEO plugin v26.8 - https:\/\/yoast.com\/product\/yoast-seo-wordpress\/ -->\n<title>Kontakt - Villa Costa Calida<\/title>\n<meta name=\"robots\" content=\"index, follow, max-snippet:-1, max-image-preview:large, max-video-preview:-1\" \/>\n<link rel=\"canonical\" href=\"https:\/\/villacostacalida.nl\/de\/contact\/\" \/>\n<meta property=\"og:locale\" content=\"de_DE\" \/>\n<meta property=\"og:type\" content=\"article\" \/>\n<meta property=\"og:title\" content=\"Kontakt - Villa Costa Calida\" \/>\n<meta property=\"og:description\" content=\"Kontakt Womit k\u00f6nnen wir dir helfen? Hast du einen Tipp, eine Frage oder m\u00f6chtest du buchen? Wir helfen dir gerne. Schicke eine E-Mail, WhatsApp-Nachricht oder f\u00fclle das Kontaktformular aus. Bis bald! Adresse Villa Costa Calida Calle Isla de Coco 2 30720 Santiago de la Ribera Murcia Vermietungslizenz: ESFCTU0000300320008152860000000000000000VV.MU.5003-18 Kontakt E info@villacostacalida.nl T+31 6 51 60 [&hellip;]\" \/>\n<meta property=\"og:url\" content=\"https:\/\/villacostacalida.nl\/de\/contact\/\" \/>\n<meta property=\"og:site_name\" content=\"Villa Costa Calida\" \/>\n<meta property=\"article:modified_time\" content=\"2026-03-07T09:37:42+00:00\" \/>\n<meta property=\"og:image\" content=\"https:\/\/villacostacalida.nl\/wp-content\/uploads\/2023\/10\/Adres.png\" \/>\n\t<meta property=\"og:image:width\" content=\"215\" \/>\n\t<meta property=\"og:image:height\" content=\"196\" \/>\n\t<meta property=\"og:image:type\" content=\"image\/png\" \/>\n<meta name=\"twitter:card\" content=\"summary_large_image\" \/>\n<script type=\"application\/ld+json\" class=\"yoast-schema-graph\">{\"@context\":\"https:\/\/schema.org\",\"@graph\":[{\"@type\":\"WebPage\",\"@id\":\"https:\/\/villacostacalida.nl\/de\/contact\/\",\"url\":\"https:\/\/villacostacalida.nl\/de\/contact\/\",\"name\":\"Kontakt - Villa Costa Calida\",\"isPartOf\":{\"@id\":\"https:\/\/villacostacalida.nl\/#website\"},\"primaryImageOfPage\":{\"@id\":\"https:\/\/villacostacalida.nl\/de\/contact\/#primaryimage\"},\"image\":{\"@id\":\"https:\/\/villacostacalida.nl\/de\/contact\/#primaryimage\"},\"thumbnailUrl\":\"https:\/\/villacostacalida.nl\/wp-content\/uploads\/2023\/10\/Adres.png\",\"datePublished\":\"2023-10-30T09:44:19+00:00\",\"dateModified\":\"2026-03-07T09:37:42+00:00\",\"breadcrumb\":{\"@id\":\"https:\/\/villacostacalida.nl\/de\/contact\/#breadcrumb\"},\"inLanguage\":\"de\",\"potentialAction\":[{\"@type\":\"ReadAction\",\"target\":[\"https:\/\/villacostacalida.nl\/de\/contact\/\"]}]},{\"@type\":\"ImageObject\",\"inLanguage\":\"de\",\"@id\":\"https:\/\/villacostacalida.nl\/de\/contact\/#primaryimage\",\"url\":\"https:\/\/villacostacalida.nl\/wp-content\/uploads\/2023\/10\/Adres.png\",\"contentUrl\":\"https:\/\/villacostacalida.nl\/wp-content\/uploads\/2023\/10\/Adres.png\"},{\"@type\":\"BreadcrumbList\",\"@id\":\"https:\/\/villacostacalida.nl\/de\/contact\/#breadcrumb\",\"itemListElement\":[{\"@type\":\"ListItem\",\"position\":1,\"name\":\"Home\",\"item\":\"https:\/\/villacostacalida.nl\/\"},{\"@type\":\"ListItem\",\"position\":2,\"name\":\"Kontakt\"}]},{\"@type\":\"WebSite\",\"@id\":\"https:\/\/villacostacalida.nl\/#website\",\"url\":\"https:\/\/villacostacalida.nl\/\",\"name\":\"Villa Costa Calida\",\"description\":\"aqu&iacute; te sientes como en casa\",\"publisher\":{\"@id\":\"https:\/\/villacostacalida.nl\/#organization\"},\"potentialAction\":[{\"@type\":\"SearchAction\",\"target\":{\"@type\":\"EntryPoint\",\"urlTemplate\":\"https:\/\/villacostacalida.nl\/?s={search_term_string}\"},\"query-input\":{\"@type\":\"PropertyValueSpecification\",\"valueRequired\":true,\"valueName\":\"search_term_string\"}}],\"inLanguage\":\"de\"},{\"@type\":\"Organization\",\"@id\":\"https:\/\/villacostacalida.nl\/#organization\",\"name\":\"Villa Costa Calida\",\"url\":\"https:\/\/villacostacalida.nl\/\",\"logo\":{\"@type\":\"ImageObject\",\"inLanguage\":\"de\",\"@id\":\"https:\/\/villacostacalida.nl\/#\/schema\/logo\/image\/\",\"url\":\"https:\/\/villacostacalida.nl\/wp-content\/uploads\/2023\/10\/Logo_smal.svg\",\"contentUrl\":\"https:\/\/villacostacalida.nl\/wp-content\/uploads\/2023\/10\/Logo_smal.svg\",\"width\":296,\"height\":54,\"caption\":\"Villa Costa Calida\"},\"image\":{\"@id\":\"https:\/\/villacostacalida.nl\/#\/schema\/logo\/image\/\"}}]}<\/script>\n<!-- \/ Yoast SEO plugin. -->","yoast_head_json":{"title":"Kontakt - Villa Costa Calida","robots":{"index":"index","follow":"follow","max-snippet":"max-snippet:-1","max-image-preview":"max-image-preview:large","max-video-preview":"max-video-preview:-1"},"canonical":"https:\/\/villacostacalida.nl\/de\/contact\/","og_locale":"de_DE","og_type":"article","og_title":"Kontakt - Villa Costa Calida","og_description":"Kontakt Womit k\u00f6nnen wir dir helfen? Hast du einen Tipp, eine Frage oder m\u00f6chtest du buchen? Wir helfen dir gerne. Schicke eine E-Mail, WhatsApp-Nachricht oder f\u00fclle das Kontaktformular aus. Bis bald! Adresse Villa Costa Calida Calle Isla de Coco 2 30720 Santiago de la Ribera Murcia Vermietungslizenz: ESFCTU0000300320008152860000000000000000VV.MU.5003-18 Kontakt E info@villacostacalida.nl T+31 6 51 60 [&hellip;]","og_url":"https:\/\/villacostacalida.nl\/de\/contact\/","og_site_name":"Villa Costa Calida","article_modified_time":"2026-03-07T09:37:42+00:00","og_image":[{"width":215,"height":196,"url":"https:\/\/villacostacalida.nl\/wp-content\/uploads\/2023\/10\/Adres.png","type":"image\/png"}],"twitter_card":"summary_large_image","schema":{"@context":"https:\/\/schema.org","@graph":[{"@type":"WebPage","@id":"https:\/\/villacostacalida.nl\/de\/contact\/","url":"https:\/\/villacostacalida.nl\/de\/contact\/","name":"Kontakt - Villa Costa Calida","isPartOf":{"@id":"https:\/\/villacostacalida.nl\/#website"},"primaryImageOfPage":{"@id":"https:\/\/villacostacalida.nl\/de\/contact\/#primaryimage"},"image":{"@id":"https:\/\/villacostacalida.nl\/de\/contact\/#primaryimage"},"thumbnailUrl":"https:\/\/villacostacalida.nl\/wp-content\/uploads\/2023\/10\/Adres.png","datePublished":"2023-10-30T09:44:19+00:00","dateModified":"2026-03-07T09:37:42+00:00","breadcrumb":{"@id":"https:\/\/villacostacalida.nl\/de\/contact\/#breadcrumb"},"inLanguage":"de","potentialAction":[{"@type":"ReadAction","target":["https:\/\/villacostacalida.nl\/de\/contact\/"]}]},{"@type":"ImageObject","inLanguage":"de","@id":"https:\/\/villacostacalida.nl\/de\/contact\/#primaryimage","url":"https:\/\/villacostacalida.nl\/wp-content\/uploads\/2023\/10\/Adres.png","contentUrl":"https:\/\/villacostacalida.nl\/wp-content\/uploads\/2023\/10\/Adres.png"},{"@type":"BreadcrumbList","@id":"https:\/\/villacostacalida.nl\/de\/contact\/#breadcrumb","itemListElement":[{"@type":"ListItem","position":1,"name":"Home","item":"https:\/\/villacostacalida.nl\/"},{"@type":"ListItem","position":2,"name":"Kontakt"}]},{"@type":"WebSite","@id":"https:\/\/villacostacalida.nl\/#website","url":"https:\/\/villacostacalida.nl\/","name":"Villa Costa Calida","description":"aqu&iacute; te sientes como en casa","publisher":{"@id":"https:\/\/villacostacalida.nl\/#organization"},"potentialAction":[{"@type":"SearchAction","target":{"@type":"EntryPoint","urlTemplate":"https:\/\/villacostacalida.nl\/?s={search_term_string}"},"query-input":{"@type":"PropertyValueSpecification","valueRequired":true,"valueName":"search_term_string"}}],"inLanguage":"de"},{"@type":"Organization","@id":"https:\/\/villacostacalida.nl\/#organization","name":"Villa Costa Calida","url":"https:\/\/villacostacalida.nl\/","logo":{"@type":"ImageObject","inLanguage":"de","@id":"https:\/\/villacostacalida.nl\/#\/schema\/logo\/image\/","url":"https:\/\/villacostacalida.nl\/wp-content\/uploads\/2023\/10\/Logo_smal.svg","contentUrl":"https:\/\/villacostacalida.nl\/wp-content\/uploads\/2023\/10\/Logo_smal.svg","width":296,"height":54,"caption":"Villa Costa Calida"},"image":{"@id":"https:\/\/villacostacalida.nl\/#\/schema\/logo\/image\/"}}]}},"_links":{"self":[{"href":"https:\/\/villacostacalida.nl\/de\/wp-json\/wp\/v2\/pages\/1491","targetHints":{"allow":["GET"]}}],"collection":[{"href":"https:\/\/villacostacalida.nl\/de\/wp-json\/wp\/v2\/pages"}],"about":[{"href":"https:\/\/villacostacalida.nl\/de\/wp-json\/wp\/v2\/types\/page"}],"author":[{"embeddable":true,"href":"https:\/\/villacostacalida.nl\/de\/wp-json\/wp\/v2\/users\/1"}],"replies":[{"embeddable":true,"href":"https:\/\/villacostacalida.nl\/de\/wp-json\/wp\/v2\/comments?post=1491"}],"version-history":[{"count":2,"href":"https:\/\/villacostacalida.nl\/de\/wp-json\/wp\/v2\/pages\/1491\/revisions"}],"predecessor-version":[{"id":1835,"href":"https:\/\/villacostacalida.nl\/de\/wp-json\/wp\/v2\/pages\/1491\/revisions\/1835"}],"wp:attachment":[{"href":"https:\/\/villacostacalida.nl\/de\/wp-json\/wp\/v2\/media?parent=1491"}],"curies":[{"name":"wp","href":"https:\/\/api.w.org\/{rel}","templated":true}]}}