{"id":1416,"date":"2023-10-31T12:21:21","date_gmt":"2023-10-31T11:21:21","guid":{"rendered":"https:\/\/villacostacalida.nl\/ueber-uns\/"},"modified":"2025-07-30T07:20:21","modified_gmt":"2025-07-30T05:20:21","slug":"over-ons","status":"publish","type":"page","link":"https:\/\/villacostacalida.nl\/de\/over-ons\/","title":{"rendered":"\u00dcber uns"},"content":{"rendered":"\t\t<div data-elementor-type=\"wp-page\" data-elementor-id=\"1416\" class=\"elementor elementor-1416 elementor-590\" data-elementor-post-type=\"page\">\n\t\t\t\t<div class=\"elementor-element elementor-element-eac2b60 e-con-full e-flex elementor-invisible e-con e-parent\" data-id=\"eac2b60\" data-element_type=\"container\" data-settings=\"{&quot;background_background&quot;:&quot;classic&quot;,&quot;background_motion_fx_motion_fx_scrolling&quot;:&quot;yes&quot;,&quot;background_motion_fx_translateY_effect&quot;:&quot;yes&quot;,&quot;animation&quot;:&quot;fadeIn&quot;,&quot;background_motion_fx_translateY_speed&quot;:{&quot;unit&quot;:&quot;px&quot;,&quot;size&quot;:4,&quot;sizes&quot;:[]},&quot;background_motion_fx_translateY_affectedRange&quot;:{&quot;unit&quot;:&quot;%&quot;,&quot;size&quot;:&quot;&quot;,&quot;sizes&quot;:{&quot;start&quot;:0,&quot;end&quot;:100}},&quot;background_motion_fx_devices&quot;:[&quot;desktop&quot;,&quot;tablet&quot;,&quot;mobile&quot;]}\">\n\t\t\t\t<div class=\"elementor-element elementor-element-304ea77 elementor-widget elementor-widget-heading\" data-id=\"304ea77\" data-element_type=\"widget\" data-widget_type=\"heading.default\">\n\t\t\t\t<div class=\"elementor-widget-container\">\n\t\t\t\t\t<h2 class=\"elementor-heading-title elementor-size-default\">\u00dcBER<\/h2>\t\t\t\t<\/div>\n\t\t\t\t<\/div>\n\t\t\t\t<div class=\"elementor-element elementor-element-eb9cde6 elementor-widget elementor-widget-heading\" data-id=\"eb9cde6\" data-element_type=\"widget\" data-widget_type=\"heading.default\">\n\t\t\t\t<div class=\"elementor-widget-container\">\n\t\t\t\t\t<h1 class=\"elementor-heading-title elementor-size-default\">Willkommen in der Villa Costa C\u00e1lida!<\/h1>\t\t\t\t<\/div>\n\t\t\t\t<\/div>\n\t\t\t\t<\/div>\n\t\t<div class=\"elementor-element elementor-element-3bf6ce64 e-flex e-con-boxed e-con e-parent\" data-id=\"3bf6ce64\" data-element_type=\"container\" data-settings=\"{&quot;background_background&quot;:&quot;classic&quot;}\">\n\t\t\t\t\t<div class=\"e-con-inner\">\n\t\t<div class=\"elementor-element elementor-element-48c57914 e-con-full e-flex elementor-invisible e-con e-child\" data-id=\"48c57914\" data-element_type=\"container\" data-settings=\"{&quot;animation&quot;:&quot;zoomIn&quot;}\">\n\t\t\t\t<div class=\"elementor-element elementor-element-65cdd1df elementor-invisible elementor-widget elementor-widget-image\" data-id=\"65cdd1df\" data-element_type=\"widget\" data-settings=\"{&quot;_animation&quot;:&quot;fadeIn&quot;}\" data-widget_type=\"image.default\">\n\t\t\t\t<div class=\"elementor-widget-container\">\n\t\t\t\t\t\t\t\t\t\t\t\t\t\t\t<img fetchpriority=\"high\" decoding=\"async\" width=\"800\" height=\"534\" src=\"https:\/\/villacostacalida.nl\/wp-content\/uploads\/2025\/07\/LOW-RESOLUTION-47-1024x683.jpg\" class=\"attachment-large size-large wp-image-1559\" alt=\"\" srcset=\"https:\/\/villacostacalida.nl\/wp-content\/uploads\/2025\/07\/LOW-RESOLUTION-47-1024x683.jpg 1024w, https:\/\/villacostacalida.nl\/wp-content\/uploads\/2025\/07\/LOW-RESOLUTION-47-300x200.jpg 300w, https:\/\/villacostacalida.nl\/wp-content\/uploads\/2025\/07\/LOW-RESOLUTION-47-768x512.jpg 768w, https:\/\/villacostacalida.nl\/wp-content\/uploads\/2025\/07\/LOW-RESOLUTION-47.jpg 1400w\" sizes=\"(max-width: 800px) 100vw, 800px\" \/>\t\t\t\t\t\t\t\t\t\t\t\t\t\t\t<\/div>\n\t\t\t\t<\/div>\n\t\t\t\t<div class=\"elementor-element elementor-element-2abd08e9 elementor-invisible elementor-widget elementor-widget-image\" data-id=\"2abd08e9\" data-element_type=\"widget\" data-settings=\"{&quot;_animation&quot;:&quot;fadeIn&quot;,&quot;_animation_delay&quot;:200}\" data-widget_type=\"image.default\">\n\t\t\t\t<div class=\"elementor-widget-container\">\n\t\t\t\t\t\t\t\t\t\t\t\t\t\t\t<img decoding=\"async\" width=\"800\" height=\"534\" src=\"https:\/\/villacostacalida.nl\/wp-content\/uploads\/2025\/07\/LOW-RESOLUTION-20-1024x683.jpg\" class=\"attachment-large size-large wp-image-1568\" alt=\"\" srcset=\"https:\/\/villacostacalida.nl\/wp-content\/uploads\/2025\/07\/LOW-RESOLUTION-20-1024x683.jpg 1024w, https:\/\/villacostacalida.nl\/wp-content\/uploads\/2025\/07\/LOW-RESOLUTION-20-300x200.jpg 300w, https:\/\/villacostacalida.nl\/wp-content\/uploads\/2025\/07\/LOW-RESOLUTION-20-768x512.jpg 768w, https:\/\/villacostacalida.nl\/wp-content\/uploads\/2025\/07\/LOW-RESOLUTION-20.jpg 1400w\" sizes=\"(max-width: 800px) 100vw, 800px\" \/>\t\t\t\t\t\t\t\t\t\t\t\t\t\t\t<\/div>\n\t\t\t\t<\/div>\n\t\t\t\t<\/div>\n\t\t<div class=\"elementor-element elementor-element-4a70796e e-con-full e-flex e-con e-child\" data-id=\"4a70796e\" data-element_type=\"container\">\n\t\t\t\t<div class=\"elementor-element elementor-element-70b59da4 elementor-invisible elementor-widget elementor-widget-image\" data-id=\"70b59da4\" data-element_type=\"widget\" data-settings=\"{&quot;_animation&quot;:&quot;fadeIn&quot;,&quot;_animation_delay&quot;:400}\" data-widget_type=\"image.default\">\n\t\t\t\t<div class=\"elementor-widget-container\">\n\t\t\t\t\t\t\t\t\t\t\t\t\t\t\t<img decoding=\"async\" width=\"800\" height=\"534\" src=\"https:\/\/villacostacalida.nl\/wp-content\/uploads\/2025\/07\/LOW-RESOLUTION-50-1024x683.jpg\" class=\"attachment-large size-large wp-image-1750\" alt=\"\" srcset=\"https:\/\/villacostacalida.nl\/wp-content\/uploads\/2025\/07\/LOW-RESOLUTION-50-1024x683.jpg 1024w, https:\/\/villacostacalida.nl\/wp-content\/uploads\/2025\/07\/LOW-RESOLUTION-50-300x200.jpg 300w, https:\/\/villacostacalida.nl\/wp-content\/uploads\/2025\/07\/LOW-RESOLUTION-50-768x512.jpg 768w, https:\/\/villacostacalida.nl\/wp-content\/uploads\/2025\/07\/LOW-RESOLUTION-50.jpg 1400w\" sizes=\"(max-width: 800px) 100vw, 800px\" \/>\t\t\t\t\t\t\t\t\t\t\t\t\t\t\t<\/div>\n\t\t\t\t<\/div>\n\t\t\t\t<div class=\"elementor-element elementor-element-20a9b24e elementor-invisible elementor-widget elementor-widget-image\" data-id=\"20a9b24e\" data-element_type=\"widget\" data-settings=\"{&quot;_animation&quot;:&quot;fadeIn&quot;,&quot;_animation_delay&quot;:600}\" data-widget_type=\"image.default\">\n\t\t\t\t<div class=\"elementor-widget-container\">\n\t\t\t\t\t\t\t\t\t\t\t\t\t\t\t<img loading=\"lazy\" decoding=\"async\" width=\"800\" height=\"534\" src=\"https:\/\/villacostacalida.nl\/wp-content\/uploads\/2025\/07\/LOW-RESOLUTION-23-1-1024x683.jpg\" class=\"attachment-large size-large wp-image-1565\" alt=\"\" srcset=\"https:\/\/villacostacalida.nl\/wp-content\/uploads\/2025\/07\/LOW-RESOLUTION-23-1-1024x683.jpg 1024w, https:\/\/villacostacalida.nl\/wp-content\/uploads\/2025\/07\/LOW-RESOLUTION-23-1-300x200.jpg 300w, https:\/\/villacostacalida.nl\/wp-content\/uploads\/2025\/07\/LOW-RESOLUTION-23-1-768x512.jpg 768w, https:\/\/villacostacalida.nl\/wp-content\/uploads\/2025\/07\/LOW-RESOLUTION-23-1.jpg 1400w\" sizes=\"(max-width: 800px) 100vw, 800px\" \/>\t\t\t\t\t\t\t\t\t\t\t\t\t\t\t<\/div>\n\t\t\t\t<\/div>\n\t\t\t\t<\/div>\n\t\t<div class=\"elementor-element elementor-element-12db9980 e-con-full e-flex elementor-invisible e-con e-child\" data-id=\"12db9980\" data-element_type=\"container\" data-settings=\"{&quot;animation&quot;:&quot;slideInRight&quot;}\">\n\t\t\t\t<div class=\"elementor-element elementor-element-1d93c72 elementor-widget elementor-widget-heading\" data-id=\"1d93c72\" data-element_type=\"widget\" data-widget_type=\"heading.default\">\n\t\t\t\t<div class=\"elementor-widget-container\">\n\t\t\t\t\t<h5 class=\"elementor-heading-title elementor-size-default\">Unsere Villa ist nicht nur ein weiteres Urlaubsziel<\/h5>\t\t\t\t<\/div>\n\t\t\t\t<\/div>\n\t\t\t\t<div class=\"elementor-element elementor-element-990f924 elementor-widget elementor-widget-text-editor\" data-id=\"990f924\" data-element_type=\"widget\" data-widget_type=\"text-editor.default\">\n\t\t\t\t<div class=\"elementor-widget-container\">\n\t\t\t\t\t\t\t\t\t<p>Es ist ein Zuhause fern von zu Hause. Es ist unsere Basis f\u00fcr einen erholsamen Urlaub. Als Eigent\u00fcmer haben wir pers\u00f6nlich auf jedes Detail geachtet, um sicherzustellen, dass dein Aufenthalt unvergesslich ist.  <\/p>\t\t\t\t\t\t\t\t<\/div>\n\t\t\t\t<\/div>\n\t\t\t\t<div class=\"elementor-element elementor-element-df63f51 elementor-widget elementor-widget-text-editor\" data-id=\"df63f51\" data-element_type=\"widget\" data-widget_type=\"text-editor.default\">\n\t\t\t\t<div class=\"elementor-widget-container\">\n\t\t\t\t\t\t\t\t\t<p>Unsere Leidenschaft f\u00fcr Gastfreundschaft und die Sch\u00f6nheit der Costa Calida hat uns dazu gebracht, eine Oase des Komforts und der Entspannung zu schaffen. Ob du dich am Pool entspannst, die malerischen Str\u00e4nde erkundest oder die reiche Kultur der Region Murcia entdeckst, wir hei\u00dfen dich herzlich willkommen und sorgen daf\u00fcr, dass du ein au\u00dfergew\u00f6hnliches Urlaubserlebnis hast. Wir freuen uns darauf, dich in unserer geliebten Villa Costa Calida willkommen zu hei\u00dfen.  <\/p>\t\t\t\t\t\t\t\t<\/div>\n\t\t\t\t<\/div>\n\t\t\t\t<div class=\"elementor-element elementor-element-b403250 elementor-widget elementor-widget-text-editor\" data-id=\"b403250\" data-element_type=\"widget\" data-widget_type=\"text-editor.default\">\n\t\t\t\t<div class=\"elementor-widget-container\">\n\t\t\t\t\t\t\t\t\t<p>Bis bald!<\/p><p>Jeroen und Annette<\/p>\t\t\t\t\t\t\t\t<\/div>\n\t\t\t\t<\/div>\n\t\t\t\t<div class=\"elementor-element elementor-element-a60b6c3 elementor-align-left elementor-widget elementor-widget-button\" data-id=\"a60b6c3\" data-element_type=\"widget\" data-widget_type=\"button.default\">\n\t\t\t\t<div class=\"elementor-widget-container\">\n\t\t\t\t\t\t\t\t\t<div class=\"elementor-button-wrapper\">\n\t\t\t\t\t<a class=\"elementor-button elementor-button-link elementor-size-md elementor-animation-pulse\" href=\"https:\/\/villacostacalida.nl\/de\/direct-boeken\/\">\n\t\t\t\t\t\t<span class=\"elementor-button-content-wrapper\">\n\t\t\t\t\t\t\t\t\t<span class=\"elementor-button-text\">Buchen Sie Ihren Aufenthalt<\/span>\n\t\t\t\t\t<\/span>\n\t\t\t\t\t<\/a>\n\t\t\t\t<\/div>\n\t\t\t\t\t\t\t\t<\/div>\n\t\t\t\t<\/div>\n\t\t\t\t<\/div>\n\t\t\t\t\t<\/div>\n\t\t\t\t<\/div>\n\t\t\t\t<\/div>\n\t\t","protected":false},"excerpt":{"rendered":"<p>\u00dcBER Willkommen in der Villa Costa C\u00e1lida! Unsere Villa ist nicht nur ein weiteres Urlaubsziel Es ist ein Zuhause fern von zu Hause. Es ist unsere Basis f\u00fcr einen erholsamen Urlaub. Als Eigent\u00fcmer haben wir pers\u00f6nlich auf jedes Detail geachtet, um sicherzustellen, dass dein Aufenthalt unvergesslich ist. Unsere Leidenschaft f\u00fcr Gastfreundschaft und die Sch\u00f6nheit der [&hellip;]<\/p>\n","protected":false},"author":1,"featured_media":0,"parent":0,"menu_order":2,"comment_status":"closed","ping_status":"closed","template":"elementor_header_footer","meta":{"inline_featured_image":false,"footnotes":""},"class_list":["post-1416","page","type-page","status-publish","hentry"],"yoast_head":"<!-- This site is optimized with the Yoast SEO plugin v26.8 - https:\/\/yoast.com\/product\/yoast-seo-wordpress\/ -->\n<title>\u00dcber uns - Villa Costa Calida<\/title>\n<meta name=\"robots\" content=\"index, follow, max-snippet:-1, max-image-preview:large, max-video-preview:-1\" \/>\n<link rel=\"canonical\" href=\"https:\/\/villacostacalida.nl\/over-ons\/\" \/>\n<meta property=\"og:locale\" content=\"de_DE\" \/>\n<meta property=\"og:type\" content=\"article\" \/>\n<meta property=\"og:title\" content=\"\u00dcber uns - Villa Costa Calida\" \/>\n<meta property=\"og:description\" content=\"\u00dcBER Willkommen in der Villa Costa C\u00e1lida! Unsere Villa ist nicht nur ein weiteres Urlaubsziel Es ist ein Zuhause fern von zu Hause. Es ist unsere Basis f\u00fcr einen erholsamen Urlaub. Als Eigent\u00fcmer haben wir pers\u00f6nlich auf jedes Detail geachtet, um sicherzustellen, dass dein Aufenthalt unvergesslich ist. Unsere Leidenschaft f\u00fcr Gastfreundschaft und die Sch\u00f6nheit der [&hellip;]\" \/>\n<meta property=\"og:url\" content=\"https:\/\/villacostacalida.nl\/over-ons\/\" \/>\n<meta property=\"og:site_name\" content=\"Villa Costa Calida\" \/>\n<meta property=\"article:modified_time\" content=\"2025-07-30T05:20:21+00:00\" \/>\n<meta property=\"og:image\" content=\"https:\/\/villacostacalida.nl\/wp-content\/uploads\/2025\/07\/LOW-RESOLUTION-47.webp\" \/>\n\t<meta property=\"og:image:width\" content=\"1400\" \/>\n\t<meta property=\"og:image:height\" content=\"934\" \/>\n\t<meta property=\"og:image:type\" content=\"image\/webp\" \/>\n<meta name=\"twitter:card\" content=\"summary_large_image\" \/>\n<meta name=\"twitter:label1\" content=\"Gesch\u00e4tzte Lesezeit\" \/>\n\t<meta name=\"twitter:data1\" content=\"1\u00a0Minute\" \/>\n<script type=\"application\/ld+json\" class=\"yoast-schema-graph\">{\"@context\":\"https:\/\/schema.org\",\"@graph\":[{\"@type\":\"WebPage\",\"@id\":\"https:\/\/villacostacalida.nl\/over-ons\/\",\"url\":\"https:\/\/villacostacalida.nl\/over-ons\/\",\"name\":\"\u00dcber uns - Villa Costa Calida\",\"isPartOf\":{\"@id\":\"https:\/\/villacostacalida.nl\/#website\"},\"primaryImageOfPage\":{\"@id\":\"https:\/\/villacostacalida.nl\/over-ons\/#primaryimage\"},\"image\":{\"@id\":\"https:\/\/villacostacalida.nl\/over-ons\/#primaryimage\"},\"thumbnailUrl\":\"https:\/\/villacostacalida.nl\/wp-content\/uploads\/2025\/07\/LOW-RESOLUTION-47-1024x683.webp\",\"datePublished\":\"2023-10-31T11:21:21+00:00\",\"dateModified\":\"2025-07-30T05:20:21+00:00\",\"breadcrumb\":{\"@id\":\"https:\/\/villacostacalida.nl\/over-ons\/#breadcrumb\"},\"inLanguage\":\"de\",\"potentialAction\":[{\"@type\":\"ReadAction\",\"target\":[\"https:\/\/villacostacalida.nl\/over-ons\/\"]}]},{\"@type\":\"ImageObject\",\"inLanguage\":\"de\",\"@id\":\"https:\/\/villacostacalida.nl\/over-ons\/#primaryimage\",\"url\":\"https:\/\/villacostacalida.nl\/wp-content\/uploads\/2025\/07\/LOW-RESOLUTION-47-1024x683.webp\",\"contentUrl\":\"https:\/\/villacostacalida.nl\/wp-content\/uploads\/2025\/07\/LOW-RESOLUTION-47-1024x683.webp\"},{\"@type\":\"BreadcrumbList\",\"@id\":\"https:\/\/villacostacalida.nl\/over-ons\/#breadcrumb\",\"itemListElement\":[{\"@type\":\"ListItem\",\"position\":1,\"name\":\"Home\",\"item\":\"https:\/\/villacostacalida.nl\/\"},{\"@type\":\"ListItem\",\"position\":2,\"name\":\"\u00dcber uns\"}]},{\"@type\":\"WebSite\",\"@id\":\"https:\/\/villacostacalida.nl\/#website\",\"url\":\"https:\/\/villacostacalida.nl\/\",\"name\":\"Villa Costa Calida\",\"description\":\"aqu&iacute; te sientes como en casa\",\"publisher\":{\"@id\":\"https:\/\/villacostacalida.nl\/#organization\"},\"potentialAction\":[{\"@type\":\"SearchAction\",\"target\":{\"@type\":\"EntryPoint\",\"urlTemplate\":\"https:\/\/villacostacalida.nl\/?s={search_term_string}\"},\"query-input\":{\"@type\":\"PropertyValueSpecification\",\"valueRequired\":true,\"valueName\":\"search_term_string\"}}],\"inLanguage\":\"de\"},{\"@type\":\"Organization\",\"@id\":\"https:\/\/villacostacalida.nl\/#organization\",\"name\":\"Villa Costa Calida\",\"url\":\"https:\/\/villacostacalida.nl\/\",\"logo\":{\"@type\":\"ImageObject\",\"inLanguage\":\"de\",\"@id\":\"https:\/\/villacostacalida.nl\/#\/schema\/logo\/image\/\",\"url\":\"https:\/\/villacostacalida.nl\/wp-content\/uploads\/2023\/10\/Logo_smal.svg\",\"contentUrl\":\"https:\/\/villacostacalida.nl\/wp-content\/uploads\/2023\/10\/Logo_smal.svg\",\"width\":296,\"height\":54,\"caption\":\"Villa Costa Calida\"},\"image\":{\"@id\":\"https:\/\/villacostacalida.nl\/#\/schema\/logo\/image\/\"}}]}<\/script>\n<!-- \/ Yoast SEO plugin. -->","yoast_head_json":{"title":"\u00dcber uns - Villa Costa Calida","robots":{"index":"index","follow":"follow","max-snippet":"max-snippet:-1","max-image-preview":"max-image-preview:large","max-video-preview":"max-video-preview:-1"},"canonical":"https:\/\/villacostacalida.nl\/over-ons\/","og_locale":"de_DE","og_type":"article","og_title":"\u00dcber uns - Villa Costa Calida","og_description":"\u00dcBER Willkommen in der Villa Costa C\u00e1lida! Unsere Villa ist nicht nur ein weiteres Urlaubsziel Es ist ein Zuhause fern von zu Hause. Es ist unsere Basis f\u00fcr einen erholsamen Urlaub. Als Eigent\u00fcmer haben wir pers\u00f6nlich auf jedes Detail geachtet, um sicherzustellen, dass dein Aufenthalt unvergesslich ist. Unsere Leidenschaft f\u00fcr Gastfreundschaft und die Sch\u00f6nheit der [&hellip;]","og_url":"https:\/\/villacostacalida.nl\/over-ons\/","og_site_name":"Villa Costa Calida","article_modified_time":"2025-07-30T05:20:21+00:00","og_image":[{"width":1400,"height":934,"url":"https:\/\/villacostacalida.nl\/wp-content\/uploads\/2025\/07\/LOW-RESOLUTION-47.webp","type":"image\/webp"}],"twitter_card":"summary_large_image","twitter_misc":{"Gesch\u00e4tzte Lesezeit":"1\u00a0Minute"},"schema":{"@context":"https:\/\/schema.org","@graph":[{"@type":"WebPage","@id":"https:\/\/villacostacalida.nl\/over-ons\/","url":"https:\/\/villacostacalida.nl\/over-ons\/","name":"\u00dcber uns - Villa Costa Calida","isPartOf":{"@id":"https:\/\/villacostacalida.nl\/#website"},"primaryImageOfPage":{"@id":"https:\/\/villacostacalida.nl\/over-ons\/#primaryimage"},"image":{"@id":"https:\/\/villacostacalida.nl\/over-ons\/#primaryimage"},"thumbnailUrl":"https:\/\/villacostacalida.nl\/wp-content\/uploads\/2025\/07\/LOW-RESOLUTION-47-1024x683.webp","datePublished":"2023-10-31T11:21:21+00:00","dateModified":"2025-07-30T05:20:21+00:00","breadcrumb":{"@id":"https:\/\/villacostacalida.nl\/over-ons\/#breadcrumb"},"inLanguage":"de","potentialAction":[{"@type":"ReadAction","target":["https:\/\/villacostacalida.nl\/over-ons\/"]}]},{"@type":"ImageObject","inLanguage":"de","@id":"https:\/\/villacostacalida.nl\/over-ons\/#primaryimage","url":"https:\/\/villacostacalida.nl\/wp-content\/uploads\/2025\/07\/LOW-RESOLUTION-47-1024x683.webp","contentUrl":"https:\/\/villacostacalida.nl\/wp-content\/uploads\/2025\/07\/LOW-RESOLUTION-47-1024x683.webp"},{"@type":"BreadcrumbList","@id":"https:\/\/villacostacalida.nl\/over-ons\/#breadcrumb","itemListElement":[{"@type":"ListItem","position":1,"name":"Home","item":"https:\/\/villacostacalida.nl\/"},{"@type":"ListItem","position":2,"name":"\u00dcber uns"}]},{"@type":"WebSite","@id":"https:\/\/villacostacalida.nl\/#website","url":"https:\/\/villacostacalida.nl\/","name":"Villa Costa Calida","description":"aqu&iacute; te sientes como en casa","publisher":{"@id":"https:\/\/villacostacalida.nl\/#organization"},"potentialAction":[{"@type":"SearchAction","target":{"@type":"EntryPoint","urlTemplate":"https:\/\/villacostacalida.nl\/?s={search_term_string}"},"query-input":{"@type":"PropertyValueSpecification","valueRequired":true,"valueName":"search_term_string"}}],"inLanguage":"de"},{"@type":"Organization","@id":"https:\/\/villacostacalida.nl\/#organization","name":"Villa Costa Calida","url":"https:\/\/villacostacalida.nl\/","logo":{"@type":"ImageObject","inLanguage":"de","@id":"https:\/\/villacostacalida.nl\/#\/schema\/logo\/image\/","url":"https:\/\/villacostacalida.nl\/wp-content\/uploads\/2023\/10\/Logo_smal.svg","contentUrl":"https:\/\/villacostacalida.nl\/wp-content\/uploads\/2023\/10\/Logo_smal.svg","width":296,"height":54,"caption":"Villa Costa Calida"},"image":{"@id":"https:\/\/villacostacalida.nl\/#\/schema\/logo\/image\/"}}]}},"_links":{"self":[{"href":"https:\/\/villacostacalida.nl\/de\/wp-json\/wp\/v2\/pages\/1416","targetHints":{"allow":["GET"]}}],"collection":[{"href":"https:\/\/villacostacalida.nl\/de\/wp-json\/wp\/v2\/pages"}],"about":[{"href":"https:\/\/villacostacalida.nl\/de\/wp-json\/wp\/v2\/types\/page"}],"author":[{"embeddable":true,"href":"https:\/\/villacostacalida.nl\/de\/wp-json\/wp\/v2\/users\/1"}],"replies":[{"embeddable":true,"href":"https:\/\/villacostacalida.nl\/de\/wp-json\/wp\/v2\/comments?post=1416"}],"version-history":[{"count":4,"href":"https:\/\/villacostacalida.nl\/de\/wp-json\/wp\/v2\/pages\/1416\/revisions"}],"predecessor-version":[{"id":1796,"href":"https:\/\/villacostacalida.nl\/de\/wp-json\/wp\/v2\/pages\/1416\/revisions\/1796"}],"wp:attachment":[{"href":"https:\/\/villacostacalida.nl\/de\/wp-json\/wp\/v2\/media?parent=1416"}],"curies":[{"name":"wp","href":"https:\/\/api.w.org\/{rel}","templated":true}]}}